{"id":359,"date":"2019-04-05T17:45:42","date_gmt":"2019-04-05T15:45:42","guid":{"rendered":"https:\/\/schild-alv.ch\/?page_id=359"},"modified":"2019-08-19T20:06:16","modified_gmt":"2019-08-19T18:06:16","slug":"audio-2","status":"publish","type":"page","link":"https:\/\/schild-alv.ch\/index.php\/audio-2\/","title":{"rendered":"Audio"},"content":{"rendered":"\t\t<div data-elementor-type=\"wp-post\" data-elementor-id=\"359\" class=\"elementor elementor-359\">\n\t\t\t\t\t\t<div class=\"elementor-inner\">\n\t\t\t\t<div class=\"elementor-section-wrap\">\n\t\t\t\t\t\t\t\t\t<section class=\"elementor-section elementor-top-section elementor-element elementor-element-c9fb8b6 elementor-section-boxed elementor-section-height-default elementor-section-height-default\" data-id=\"c9fb8b6\" data-element_type=\"section\">\n\t\t\t\t\t\t<div class=\"elementor-container elementor-column-gap-default\">\n\t\t\t\t\t\t\t<div class=\"elementor-row\">\n\t\t\t\t\t<div class=\"elementor-column elementor-col-100 elementor-top-column elementor-element elementor-element-5b8cc4c\" data-id=\"5b8cc4c\" data-element_type=\"column\">\n\t\t\t<div class=\"elementor-column-wrap elementor-element-populated\">\n\t\t\t\t\t\t\t<div class=\"elementor-widget-wrap\">\n\t\t\t\t\t\t<div class=\"elementor-element elementor-element-0fe63ac elementor-widget elementor-widget-spacer\" data-id=\"0fe63ac\" data-element_type=\"widget\" data-widget_type=\"spacer.default\">\n\t\t\t\t<div class=\"elementor-widget-container\">\n\t\t\t\t\t<div class=\"elementor-spacer\">\n\t\t\t<div class=\"elementor-spacer-inner\"><\/div>\n\t\t<\/div>\n\t\t\t\t<\/div>\n\t\t\t\t<\/div>\n\t\t\t\t\t\t<\/div>\n\t\t\t\t\t<\/div>\n\t\t<\/div>\n\t\t\t\t\t\t\t\t<\/div>\n\t\t\t\t\t<\/div>\n\t\t<\/section>\n\t\t\t\t<section class=\"elementor-section elementor-top-section elementor-element elementor-element-f94a6cc elementor-section-stretched elementor-section-boxed elementor-section-height-default elementor-section-height-default\" data-id=\"f94a6cc\" data-element_type=\"section\" data-settings=\"{&quot;stretch_section&quot;:&quot;section-stretched&quot;,&quot;animation&quot;:&quot;none&quot;}\">\n\t\t\t\t\t\t<div class=\"elementor-container elementor-column-gap-default\">\n\t\t\t\t\t\t\t<div class=\"elementor-row\">\n\t\t\t\t\t<div class=\"elementor-column elementor-col-100 elementor-top-column elementor-element elementor-element-babc7e2\" data-id=\"babc7e2\" data-element_type=\"column\" data-settings=\"{&quot;background_background&quot;:&quot;classic&quot;,&quot;animation&quot;:&quot;none&quot;}\">\n\t\t\t<div class=\"elementor-column-wrap elementor-element-populated\">\n\t\t\t\t\t<div class=\"elementor-background-overlay\"><\/div>\n\t\t\t\t\t\t\t<div class=\"elementor-widget-wrap\">\n\t\t\t\t\t\t<div class=\"elementor-element elementor-element-c43add0 elementor-widget elementor-widget-text-editor\" data-id=\"c43add0\" data-element_type=\"widget\" data-settings=\"{&quot;_animation&quot;:&quot;none&quot;}\" data-widget_type=\"text-editor.default\">\n\t\t\t\t<div class=\"elementor-widget-container\">\n\t\t\t\t\t\t\t\t<div class=\"elementor-text-editor elementor-clearfix\">\n\t\t\t\t<h1>Audio<img decoding=\"async\" loading=\"lazy\" src=\"https:\/\/schild-alv.ch\/wp-content\/uploads\/2018\/04\/Audio.png\" alt=\"\" width=\"102\" height=\"102\" class=\"alignright size-full wp-image-61\" \/><\/h1>\t\t\t\t\t<\/div>\n\t\t\t\t\t\t<\/div>\n\t\t\t\t<\/div>\n\t\t\t\t<div class=\"elementor-element elementor-element-271b0cb elementor-widget elementor-widget-text-editor\" data-id=\"271b0cb\" data-element_type=\"widget\" data-widget_type=\"text-editor.default\">\n\t\t\t\t<div class=\"elementor-widget-container\">\n\t\t\t\t\t\t\t\t<div class=\"elementor-text-editor elementor-clearfix\">\n\t\t\t\t<blockquote style=\"margin-bottom: 0px; padding: 0px; border: 0px; outline: 0px; vertical-align: baseline; background: 0px 0px; font-variant-numeric: normal; font-variant-east-asian: normal; font-stretch: normal; font-size: 16px; line-height: normal;\"><h2>Ob Gesch\u00e4fts- oder Privatkunden, die Schild-ALV bereichert Ihren Anlass mit der besten Audioqualit\u00e4t. Generalversammlungen, Corporate Events,\u00a0 Pr\u00e4sentationen, Messeauftritte, Geburtstage oder Open Air Kinos, wir von Schild-ALV setzen Ihnen jedes gew\u00fcnschte Audiokonzept um. F\u00fcr den kristallklaren Klang, verwenden wir hochwertige PA-Systeme der Hersteller Meiersound und D&amp;B. Ein Genuss f\u00fcr jeden Akustikliebhaber.\u00a0<o:p><\/o:p><\/h2><ul><li class=\"MsoNormal\" style=\"outline: 0px; font-variant-numeric: normal; font-variant-east-asian: normal; font-stretch: normal; pointer-events: auto; background-position-x: 0px; background-position-y: 0px;\"><span style=\"border: none windowtext 1.0pt; mso-border-alt: none windowtext 0cm; padding: 0cm;\">Sprachbeschallungen<\/span><\/li><li class=\"MsoNormal\" style=\"outline: 0px; font-variant-numeric: normal; font-variant-east-asian: normal; font-stretch: normal; pointer-events: auto; background-position-x: 0px; background-position-y: 0px;\">Konzertbeschallung von klassisch\u00a0bis Rock<\/li><li class=\"MsoNormal\" style=\"outline: 0px; font-variant-numeric: normal; font-variant-east-asian: normal; font-stretch: normal; pointer-events: auto; background-position-x: 0px; background-position-y: 0px;\">Eventbeschallung<\/li><li class=\"MsoNormal\" style=\"outline: 0px; font-variant-numeric: normal; font-variant-east-asian: normal; font-stretch: normal; pointer-events: auto; background-position-x: 0px; background-position-y: 0px;\">Systemengineering<\/li><li class=\"MsoNormal\" style=\"outline: 0px; font-variant-numeric: normal; font-variant-east-asian: normal; font-stretch: normal; pointer-events: auto; background-position-x: 0px; background-position-y: 0px;\">Audioinstallationen<\/li><li class=\"MsoNormal\" style=\"outline: 0px; font-variant-numeric: normal; font-variant-east-asian: normal; font-stretch: normal; pointer-events: auto; background-position-x: 0px; background-position-y: 0px;\">Recording<\/li><li class=\"MsoNormal\" style=\"outline: 0px; font-variant-numeric: normal; font-variant-east-asian: normal; font-stretch: normal; pointer-events: auto; background-position-x: 0px; background-position-y: 0px;\">Wartungsvertrag<\/li><li class=\"MsoNormal\" style=\"outline: 0px; font-variant-numeric: normal; font-variant-east-asian: normal; font-stretch: normal; pointer-events: auto; background-position-x: 0px; background-position-y: 0px;\">Event-Support<\/li><\/ul><p class=\"MsoNormal\" style=\"outline: 0px; font-variant-numeric: normal; font-variant-east-asian: normal; font-stretch: normal; background-position-x: 0px; background-position-y: 0px;\"><o:p><\/o:p><\/p><p class=\"MsoNormal\"><o:p>\u00a0<\/o:p><\/p><\/blockquote><p class=\"font_8\" style=\"margin-bottom: 0px; padding: 0px; border: 0px; outline: 0px; vertical-align: baseline; background: 0px 0px; font-variant-numeric: normal; font-variant-east-asian: normal; font-stretch: normal; font-size: 16px; line-height: 1.7em; font-family: helvetica-w01-light, helvetica-w02-light, sans-serif; color: #ffffff; pointer-events: auto;\"><span style=\"margin: 0px; padding: 0px; border: 0px; outline: 0px; vertical-align: baseline; background: 0px 0px;\"><\/span><\/p>\t\t\t\t\t<\/div>\n\t\t\t\t\t\t<\/div>\n\t\t\t\t<\/div>\n\t\t\t\t\t\t<\/div>\n\t\t\t\t\t<\/div>\n\t\t<\/div>\n\t\t\t\t\t\t\t\t<\/div>\n\t\t\t\t\t<\/div>\n\t\t<\/section>\n\t\t\t\t\t\t\t\t\t<\/div>\n\t\t\t<\/div>\n\t\t\t\t\t<\/div>\n\t\t","protected":false},"excerpt":{"rendered":"<p>Audio Ob Gesch\u00e4fts- oder Privatkunden, die Schild-ALV bereichert Ihren Anlass mit der besten Audioqualit\u00e4t. Generalversammlungen, Corporate Events,\u00a0 Pr\u00e4sentationen, Messeauftritte, Geburtstage oder Open Air Kinos, wir von Schild-ALV setzen Ihnen jedes gew\u00fcnschte Audiokonzept um. F\u00fcr den kristallklaren Klang, verwenden wir hochwertige PA-Systeme der Hersteller Meiersound und D&amp;B. Ein Genuss f\u00fcr jeden [&hellip;]<\/p>\n","protected":false},"author":1,"featured_media":0,"parent":0,"menu_order":0,"comment_status":"closed","ping_status":"closed","template":"page-templates\/template-pagebuilder-full-width.php","meta":{"_mi_skip_tracking":false},"_links":{"self":[{"href":"https:\/\/schild-alv.ch\/index.php\/wp-json\/wp\/v2\/pages\/359"}],"collection":[{"href":"https:\/\/schild-alv.ch\/index.php\/wp-json\/wp\/v2\/pages"}],"about":[{"href":"https:\/\/schild-alv.ch\/index.php\/wp-json\/wp\/v2\/types\/page"}],"author":[{"embeddable":true,"href":"https:\/\/schild-alv.ch\/index.php\/wp-json\/wp\/v2\/users\/1"}],"replies":[{"embeddable":true,"href":"https:\/\/schild-alv.ch\/index.php\/wp-json\/wp\/v2\/comments?post=359"}],"version-history":[{"count":7,"href":"https:\/\/schild-alv.ch\/index.php\/wp-json\/wp\/v2\/pages\/359\/revisions"}],"predecessor-version":[{"id":471,"href":"https:\/\/schild-alv.ch\/index.php\/wp-json\/wp\/v2\/pages\/359\/revisions\/471"}],"wp:attachment":[{"href":"https:\/\/schild-alv.ch\/index.php\/wp-json\/wp\/v2\/media?parent=359"}],"curies":[{"name":"wp","href":"https:\/\/api.w.org\/{rel}","templated":true}]}}