{"id":367,"date":"2019-04-05T17:48:08","date_gmt":"2019-04-05T15:48:08","guid":{"rendered":"https:\/\/schild-alv.ch\/?page_id=367"},"modified":"2019-08-19T20:07:47","modified_gmt":"2019-08-19T18:07:47","slug":"video-2","status":"publish","type":"page","link":"https:\/\/schild-alv.ch\/index.php\/video-2\/","title":{"rendered":"Video"},"content":{"rendered":"\t\t<div data-elementor-type=\"wp-post\" data-elementor-id=\"367\" class=\"elementor elementor-367\">\n\t\t\t\t\t\t<div class=\"elementor-inner\">\n\t\t\t\t<div class=\"elementor-section-wrap\">\n\t\t\t\t\t\t\t\t\t<section class=\"elementor-section elementor-top-section elementor-element elementor-element-59bcbcb elementor-section-boxed elementor-section-height-default elementor-section-height-default\" data-id=\"59bcbcb\" data-element_type=\"section\">\n\t\t\t\t\t\t<div class=\"elementor-container elementor-column-gap-default\">\n\t\t\t\t\t\t\t<div class=\"elementor-row\">\n\t\t\t\t\t<div class=\"elementor-column elementor-col-100 elementor-top-column elementor-element elementor-element-75f731a\" data-id=\"75f731a\" data-element_type=\"column\">\n\t\t\t<div class=\"elementor-column-wrap elementor-element-populated\">\n\t\t\t\t\t\t\t<div class=\"elementor-widget-wrap\">\n\t\t\t\t\t\t<div class=\"elementor-element elementor-element-f1bb0ea elementor-widget elementor-widget-spacer\" data-id=\"f1bb0ea\" data-element_type=\"widget\" data-widget_type=\"spacer.default\">\n\t\t\t\t<div class=\"elementor-widget-container\">\n\t\t\t\t\t<div class=\"elementor-spacer\">\n\t\t\t<div class=\"elementor-spacer-inner\"><\/div>\n\t\t<\/div>\n\t\t\t\t<\/div>\n\t\t\t\t<\/div>\n\t\t\t\t\t\t<\/div>\n\t\t\t\t\t<\/div>\n\t\t<\/div>\n\t\t\t\t\t\t\t\t<\/div>\n\t\t\t\t\t<\/div>\n\t\t<\/section>\n\t\t\t\t<section class=\"elementor-section elementor-top-section elementor-element elementor-element-e79867c elementor-section-stretched elementor-section-boxed elementor-section-height-default elementor-section-height-default\" data-id=\"e79867c\" data-element_type=\"section\" data-settings=\"{&quot;stretch_section&quot;:&quot;section-stretched&quot;}\">\n\t\t\t\t\t\t<div class=\"elementor-container elementor-column-gap-default\">\n\t\t\t\t\t\t\t<div class=\"elementor-row\">\n\t\t\t\t\t<div class=\"elementor-column elementor-col-100 elementor-top-column elementor-element elementor-element-f6fa729\" data-id=\"f6fa729\" data-element_type=\"column\" data-settings=\"{&quot;background_background&quot;:&quot;classic&quot;,&quot;animation&quot;:&quot;none&quot;}\">\n\t\t\t<div class=\"elementor-column-wrap elementor-element-populated\">\n\t\t\t\t\t<div class=\"elementor-background-overlay\"><\/div>\n\t\t\t\t\t\t\t<div class=\"elementor-widget-wrap\">\n\t\t\t\t\t\t<div class=\"elementor-element elementor-element-1f5ef61 elementor-widget elementor-widget-text-editor\" data-id=\"1f5ef61\" data-element_type=\"widget\" data-widget_type=\"text-editor.default\">\n\t\t\t\t<div class=\"elementor-widget-container\">\n\t\t\t\t\t\t\t\t<div class=\"elementor-text-editor elementor-clearfix\">\n\t\t\t\t<h1>Video<img decoding=\"async\" loading=\"lazy\" src=\"https:\/\/schild-alv.ch\/wp-content\/uploads\/2018\/04\/Video.png\" alt=\"\" width=\"99\" height=\"99\" class=\"alignright size-full wp-image-63\" \/><\/h1>\t\t\t\t\t<\/div>\n\t\t\t\t\t\t<\/div>\n\t\t\t\t<\/div>\n\t\t\t\t<div class=\"elementor-element elementor-element-0162e7d elementor-widget elementor-widget-text-editor\" data-id=\"0162e7d\" data-element_type=\"widget\" data-widget_type=\"text-editor.default\">\n\t\t\t\t<div class=\"elementor-widget-container\">\n\t\t\t\t\t\t\t\t<div class=\"elementor-text-editor elementor-clearfix\">\n\t\t\t\t<p>\u201eAugen sind genauere Zeugen der Ohren\u201c (Heraklit von Ephesus). Daher bietet die Schild-ALV auch nebst Klang &amp; Licht auch etwas f\u00fcr das Auge. Unsere visuellen Konzepte, verleihen jedem Anlass den letzten Schliff. Mit Hilfe von Projektionen setzen wir die h\u00f6chsten Anspr\u00fcche unserer Kunden in die Realit\u00e4t um.\u00a0<\/p><p><span>\u200b<\/span><\/p><ul><li>Videoinstallationen<\/li><li>Event-Support<\/li><li>Wartungsvertrag<\/li><\/ul><p><\/p>\t\t\t\t\t<\/div>\n\t\t\t\t\t\t<\/div>\n\t\t\t\t<\/div>\n\t\t\t\t\t\t<\/div>\n\t\t\t\t\t<\/div>\n\t\t<\/div>\n\t\t\t\t\t\t\t\t<\/div>\n\t\t\t\t\t<\/div>\n\t\t<\/section>\n\t\t\t\t\t\t\t\t\t<\/div>\n\t\t\t<\/div>\n\t\t\t\t\t<\/div>\n\t\t","protected":false},"excerpt":{"rendered":"<p>Video \u201eAugen sind genauere Zeugen der Ohren\u201c (Heraklit von Ephesus). Daher bietet die Schild-ALV auch nebst Klang &amp; Licht auch etwas f\u00fcr das Auge. Unsere visuellen Konzepte, verleihen jedem Anlass den letzten Schliff. Mit Hilfe von Projektionen setzen wir die h\u00f6chsten Anspr\u00fcche unserer Kunden in die Realit\u00e4t um.\u00a0 \u200b Videoinstallationen [&hellip;]<\/p>\n","protected":false},"author":1,"featured_media":0,"parent":0,"menu_order":0,"comment_status":"closed","ping_status":"closed","template":"page-templates\/template-pagebuilder-full-width.php","meta":{"_mi_skip_tracking":false},"_links":{"self":[{"href":"https:\/\/schild-alv.ch\/index.php\/wp-json\/wp\/v2\/pages\/367"}],"collection":[{"href":"https:\/\/schild-alv.ch\/index.php\/wp-json\/wp\/v2\/pages"}],"about":[{"href":"https:\/\/schild-alv.ch\/index.php\/wp-json\/wp\/v2\/types\/page"}],"author":[{"embeddable":true,"href":"https:\/\/schild-alv.ch\/index.php\/wp-json\/wp\/v2\/users\/1"}],"replies":[{"embeddable":true,"href":"https:\/\/schild-alv.ch\/index.php\/wp-json\/wp\/v2\/comments?post=367"}],"version-history":[{"count":4,"href":"https:\/\/schild-alv.ch\/index.php\/wp-json\/wp\/v2\/pages\/367\/revisions"}],"predecessor-version":[{"id":473,"href":"https:\/\/schild-alv.ch\/index.php\/wp-json\/wp\/v2\/pages\/367\/revisions\/473"}],"wp:attachment":[{"href":"https:\/\/schild-alv.ch\/index.php\/wp-json\/wp\/v2\/media?parent=367"}],"curies":[{"name":"wp","href":"https:\/\/api.w.org\/{rel}","templated":true}]}}